{"id":11,"date":"2015-10-28T12:58:26","date_gmt":"2015-10-28T12:58:26","guid":{"rendered":"http:\/\/powersystems.com.uy\/?p=11"},"modified":"2019-02-12T21:30:53","modified_gmt":"2019-02-12T21:30:53","slug":"quienes-somos","status":"publish","type":"page","link":"https:\/\/powersystems.com.uy\/?page_id=11","title":{"rendered":"Quienes somos"},"content":{"rendered":"<p><span style=\"color: #ffffff;\">\u00a0<\/span><\/p>\n<table>\n<tbody>\n<tr>\n<td style=\"width: 0px; height: 0px; background-color: #384186;\">\n<p style=\"text-align: center;\"><strong><span style=\"color: #ffffff;\">\u00a0 \u00a0 \u00a0 \u00a0 \u00a0 \u00a0 \u00a0 \u00a0 \u00a0 \u00a0 \u00a0Nuestra Empresa<\/span><\/strong><\/p>\n<\/td>\n<td style=\"width: 0px; height: 0px; text-align: center; background-color: #384186;\"><\/td>\n<\/tr>\n<tr>\n<td style=\"width: 0px; height: 0px;\" colspan=\"2\"><\/td>\n<\/tr>\n<tr>\n<td style=\"width: 0px; height: 0px;\" colspan=\"2\">\n<p><img decoding=\"async\" src=\"https:\/\/www.powersystems.com.uy\/ps\/productos\/box.PNG\" alt=\"\" \/> Desde el a\u00f1o 1995 dedicada al asesoramiento y soporte inform\u00e1tico en todos sus aspectos, tanto a usuarios particulares como a empresas e instituciones.<\/p>\n<p>Est\u00e1 conformada por profesionales con una vasta trayectoria en el \u00e1rea inform\u00e1tica, lo que permite ofrecerles a nuestros clientes una excelente calidad de servicio, atenci\u00f3n personalizada, responsabilidad y profesionalismo en el desarrollo de sus proyectos, acompa\u00f1\u00e1ndolos en sus tareas diarias.<br \/>\nBrindando a nuestros clientes toda la tranquilidad y la confianza que nos otorgan la seguridad de haber contado con nuestros profesionales, asegurando una atenci\u00f3n personalizada a todos ellos proponiendo diversas alternativas hasta lograr la mejor soluci\u00f3n posible.<\/td>\n<\/tr>\n<tr>\n<td style=\"width: 0px; height: 0px;\" colspan=\"2\">\n<p align=\"center\"><a href=\"http:\/\/powersystems.com.uy\/wp-content\/uploads\/2019\/02\/logo-chico.jpg\"><img loading=\"lazy\" decoding=\"async\" class=\"alignnone size-full wp-image-1120\" src=\"http:\/\/powersystems.com.uy\/wp-content\/uploads\/2019\/02\/logo-chico.jpg\" alt=\"\" width=\"293\" height=\"118\" \/><\/a><\/p>\n<\/td>\n<\/tr>\n<tr>\n<td style=\"width: 0px; height: 0px;\">\n<p>\u00a0En nuestras oficinas encontrar\u00e1 lo \u00faltimo en:<\/p>\n<p><img loading=\"lazy\" decoding=\"async\" src=\"https:\/\/www.powersystems.com.uy\/ps\/bitmaps\/soft.png\" alt=\"\" width=\"32\" height=\"32\" \/>\u00a0Todas las opciones de Software que usted requiera.<br \/>\n<img loading=\"lazy\" decoding=\"async\" src=\"https:\/\/www.powersystems.com.uy\/ps\/bitmaps\/mymac.png\" alt=\"\" width=\"32\" height=\"32\" \/> Computadores y servidores\u00a0 de marca y configurados a medida por nuestro servicio t\u00e9cnico.<br \/>\n<img loading=\"lazy\" decoding=\"async\" src=\"https:\/\/www.powersystems.com.uy\/ps\/bitmaps\/pci.png\" alt=\"\" width=\"32\" height=\"32\" \/> Tarjetas gr\u00e1ficas,\u00a0 de sonido, digitalizadoras, etc<br \/>\n<img loading=\"lazy\" decoding=\"async\" src=\"https:\/\/www.powersystems.com.uy\/ps\/bitmaps\/network.png\" alt=\"\" width=\"32\" height=\"32\" \/> Todos los accesorios para conexi\u00f3n a Internet<br \/>\n<img loading=\"lazy\" decoding=\"async\" src=\"https:\/\/www.powersystems.com.uy\/ps\/bitmaps\/devices.png\" alt=\"\" width=\"32\" height=\"32\" \/> Componentes de hardware\u00a0 de todo tipo para sus necesidades.<br \/>\n<img loading=\"lazy\" decoding=\"async\" src=\"https:\/\/www.powersystems.com.uy\/ps\/bitmaps\/print.png\" alt=\"\" width=\"32\" height=\"32\" \/> Dispositivos de impresi\u00f3n l\u00e1ser, t\u00e9rmico, inkjet de todos los tama\u00f1os ( A4, A3) Plotters<br \/>\n<img loading=\"lazy\" decoding=\"async\" src=\"https:\/\/www.powersystems.com.uy\/ps\/bitmaps\/mouse.gif\" alt=\"\" width=\"32\" height=\"32\" \/> Accesorios y dispositivos para redes . Servicio t\u00e9cnico especializado. Reparamos notebooks de todas las marcas ( cambio de pantallas, reparaciones de carcasas, cambio de teclado, reparaci\u00f3n de conectores en general.-<\/td>\n<td style=\"width: 0px; height: 0px;\"><\/td>\n<\/tr>\n<tr>\n<td style=\"width: 0px; height: 0px;\" colspan=\"2\">Power Systems ofrece un completo servicio post-venta que incluye tanto el mantenimiento de su equipo como el asesoramiento en el uso del software y hardware adicional, disponiendo de un Servicio T\u00e9cnico especializado para dar soluci\u00f3n a los problemas de su equipo, de su hogar u oficina.<br \/>\nNuestros esfuerzos por incorporar exitosamente la tecnolog\u00eda de la informaci\u00f3n y ser socios de negocio bajo un compromiso de mutuo beneficio con nuestros clientes, nos ha permitido mantenernos firmes en un sector inestable, donde continuamente aparecen y desaparecen nuevas empresas.B\u00e1sicamente dedicados en estos a\u00f1os al sector financiero y al \u00e1rea corporativa, contamos con una gran cantidad de clientes del rubro que nos acompa\u00f1an desde hace muchos a\u00f1os.<\/td>\n<\/tr>\n<tr>\n<td style=\"width: 0px; height: 0px; background-color: #384186;\" colspan=\"2\"><strong><span style=\"color: #ffffff;\">No deje de consultarnos y podr\u00e1 hacer que la inform\u00e1tica<\/span><\/strong><br \/>\n<strong><span style=\"color: #ffffff;\"> sea una \u00fatil y viable herramienta en su vida.<\/span><\/strong><\/td>\n<\/tr>\n<\/tbody>\n<\/table>\n<p>&nbsp;<\/p>\n","protected":false},"excerpt":{"rendered":"<p>\u00a0 \u00a0 \u00a0 \u00a0 \u00a0 \u00a0 \u00a0 \u00a0 \u00a0 \u00a0 \u00a0 \u00a0Nuestra Empresa Desde el a\u00f1o 1995 dedicada al asesoramiento y soporte inform\u00e1tico en todos sus aspectos, tanto a usuarios particulares como a empresas e instituciones. Est\u00e1 conformada por profesionales con una vasta trayectoria en el \u00e1rea inform\u00e1tica, lo que permite ofrecerles a nuestros clientes &hellip; <a href=\"https:\/\/powersystems.com.uy\/?page_id=11\" class=\"more-link\">Sigue leyendo <span class=\"screen-reader-text\">Quienes somos<\/span> <span class=\"meta-nav\">&rarr;<\/span><\/a><\/p>\n","protected":false},"author":3,"featured_media":0,"parent":0,"menu_order":0,"comment_status":"closed","ping_status":"closed","template":"","meta":{"footnotes":""},"class_list":["post-11","page","type-page","status-publish","hentry"],"_links":{"self":[{"href":"https:\/\/powersystems.com.uy\/index.php?rest_route=\/wp\/v2\/pages\/11","targetHints":{"allow":["GET"]}}],"collection":[{"href":"https:\/\/powersystems.com.uy\/index.php?rest_route=\/wp\/v2\/pages"}],"about":[{"href":"https:\/\/powersystems.com.uy\/index.php?rest_route=\/wp\/v2\/types\/page"}],"author":[{"embeddable":true,"href":"https:\/\/powersystems.com.uy\/index.php?rest_route=\/wp\/v2\/users\/3"}],"replies":[{"embeddable":true,"href":"https:\/\/powersystems.com.uy\/index.php?rest_route=%2Fwp%2Fv2%2Fcomments&post=11"}],"version-history":[{"count":17,"href":"https:\/\/powersystems.com.uy\/index.php?rest_route=\/wp\/v2\/pages\/11\/revisions"}],"predecessor-version":[{"id":1127,"href":"https:\/\/powersystems.com.uy\/index.php?rest_route=\/wp\/v2\/pages\/11\/revisions\/1127"}],"wp:attachment":[{"href":"https:\/\/powersystems.com.uy\/index.php?rest_route=%2Fwp%2Fv2%2Fmedia&parent=11"}],"curies":[{"name":"wp","href":"https:\/\/api.w.org\/{rel}","templated":true}]}}