{"id":41,"date":"2016-06-21T14:47:26","date_gmt":"2016-06-21T14:47:26","guid":{"rendered":"http:\/\/powersystems.com.uy\/?p=41"},"modified":"2018-10-05T15:41:49","modified_gmt":"2018-10-05T15:41:49","slug":"nuestros-productos","status":"publish","type":"page","link":"https:\/\/powersystems.com.uy\/?page_id=41","title":{"rendered":"Nuestros Productos"},"content":{"rendered":"<table>\n<tbody>\n<tr>\n<td><img loading=\"lazy\" decoding=\"async\" src=\"https:\/\/www.powersystems.com.uy\/ps\/nuestros_productos\/clip_image002.jpg\" width=\"92\" height=\"76\" \/><img loading=\"lazy\" decoding=\"async\" src=\"https:\/\/www.powersystems.com.uy\/ps\/nuestros_productos\/clip_image004.jpg\" width=\"72\" height=\"65\" \/><\/td>\n<td>\n<div>PC\u2019s y Notebooks<\/div>\n<div><\/div>\n<div><img decoding=\"async\" src=\"https:\/\/www.powersystems.com.uy\/ps\/productos\/box.PNG\" \/>Equipos de Escritorio Power Systems,<br \/>\nIBM, Toshiba, HP, Compaq.<br \/>\nPoquet PC, etc.<\/div>\n<\/td>\n<\/tr>\n<tr>\n<td><img loading=\"lazy\" decoding=\"async\" src=\"https:\/\/www.powersystems.com.uy\/ps\/nuestros_productos\/clip_image006.jpg\" width=\"71\" height=\"82\" \/><img loading=\"lazy\" decoding=\"async\" src=\"https:\/\/www.powersystems.com.uy\/ps\/nuestros_productos\/clip_image008.jpg\" width=\"89\" height=\"79\" \/><\/td>\n<td>\n<p>\u00a0Monitores<\/p>\n<p><img decoding=\"async\" src=\"https:\/\/www.powersystems.com.uy\/ps\/productos\/box.PNG\" \/>Monitores CRT, Monitores LCD y TV- Monitor.<\/td>\n<\/tr>\n<tr>\n<td><img loading=\"lazy\" decoding=\"async\" src=\"https:\/\/www.powersystems.com.uy\/ps\/nuestros_productos\/clip_image010.jpg\" width=\"94\" height=\"60\" \/><img loading=\"lazy\" decoding=\"async\" src=\"https:\/\/www.powersystems.com.uy\/ps\/nuestros_productos\/clip_image012.jpg\" width=\"70\" height=\"53\" \/><br \/>\n<img loading=\"lazy\" decoding=\"async\" src=\"https:\/\/www.powersystems.com.uy\/ps\/nuestros_productos\/clip_image014.jpg\" width=\"32\" height=\"65\" \/><img loading=\"lazy\" decoding=\"async\" src=\"https:\/\/www.powersystems.com.uy\/ps\/nuestros_productos\/clip_image016.jpg\" width=\"51\" height=\"52\" \/><img loading=\"lazy\" decoding=\"async\" src=\"https:\/\/www.powersystems.com.uy\/ps\/nuestros_productos\/clip_image018.jpg\" width=\"60\" height=\"55\" \/><\/td>\n<td style=\"vertical-align: middle;\">\n<p>Componentes<\/p>\n<p><img decoding=\"async\" src=\"https:\/\/www.powersystems.com.uy\/ps\/productos\/box.PNG\" \/>Microprocesadores, motherboards, memorias, discos duros,<br \/>\nPlacas adaptadoras, monitores, tarjetas de sonido, tarjetas de video, m\u00f3dems, tarjetas de red, CD-R, CD-RW, DVD-R, DVD-RW, disqueteras, etc.<\/td>\n<\/tr>\n<tr>\n<td><img loading=\"lazy\" decoding=\"async\" src=\"https:\/\/www.powersystems.com.uy\/ps\/nuestros_productos\/clip_image020.gif\" width=\"164\" height=\"134\" \/><\/td>\n<td>\n<div>Impresoras<\/div>\n<div><\/div>\n<div><img decoding=\"async\" src=\"https:\/\/www.powersystems.com.uy\/ps\/productos\/box.PNG\" \/>Inyecci\u00f3n de tinta, l\u00e1ser, multifunciones, scanners, plotters, matriz de puntos, t\u00e9rmicas, etiquetadoras, interventoras, etc.<\/div>\n<\/td>\n<\/tr>\n<tr>\n<td><img loading=\"lazy\" decoding=\"async\" src=\"https:\/\/www.powersystems.com.uy\/ps\/nuestros_productos\/clip_image022.jpg\" width=\"104\" height=\"69\" \/><img loading=\"lazy\" decoding=\"async\" src=\"https:\/\/www.powersystems.com.uy\/ps\/nuestros_productos\/clip_image024.jpg\" width=\"39\" height=\"55\" \/><br \/>\n<img loading=\"lazy\" decoding=\"async\" src=\"https:\/\/www.powersystems.com.uy\/ps\/nuestros_productos\/clip_image026.jpg\" width=\"80\" height=\"74\" \/><img loading=\"lazy\" decoding=\"async\" src=\"https:\/\/www.powersystems.com.uy\/ps\/nuestros_productos\/clip_image028.jpg\" width=\"68\" height=\"76\" \/><\/td>\n<td style=\"vertical-align: middle;\">\n<p>Accesorios<\/p>\n<p><img decoding=\"async\" src=\"https:\/\/www.powersystems.com.uy\/ps\/productos\/box.PNG\" \/>Teclados y Mouses (b\u00e1sicos, \u00f3pticos, wireless, multimedia), micr\u00f3fonos, vinchas, c\u00e1maras web, etc.<br \/>\nSoportes para monitores, impresoras y teclados, filtros para monitores, fundas, kits de limpieza.<br \/>\nData Switch (autom\u00e1ticos y manuales), cables, conexiones, adaptadores, zapatillas.<\/td>\n<\/tr>\n<tr>\n<td><img loading=\"lazy\" decoding=\"async\" src=\"https:\/\/www.powersystems.com.uy\/ps\/nuestros_productos\/clip_image030.jpg\" width=\"80\" height=\"63\" \/><img loading=\"lazy\" decoding=\"async\" src=\"https:\/\/www.powersystems.com.uy\/ps\/nuestros_productos\/clip_image032.jpg\" width=\"56\" height=\"54\" \/><br \/>\n<img loading=\"lazy\" decoding=\"async\" src=\"https:\/\/www.powersystems.com.uy\/ps\/nuestros_productos\/clip_image034.jpg\" width=\"80\" height=\"76\" \/><img loading=\"lazy\" decoding=\"async\" src=\"https:\/\/www.powersystems.com.uy\/ps\/nuestros_productos\/clip_image036.jpg\" width=\"67\" height=\"65\" \/><\/td>\n<td style=\"vertical-align: middle;\">\n<p>Insumos<\/p>\n<p><img decoding=\"async\" src=\"https:\/\/www.powersystems.com.uy\/ps\/productos\/box.PNG\" \/>Cartuchos Impresoras, tonner para l\u00e1ser, cintas de impresoras, recargas. Rollos de fax, papel de fotocopia, transparencia para Inkjet-l\u00e1ser, papel fanfold, etiquetas.<br \/>\nCartuchos Zip, Syquest, Data Cartridge, cintas digitales, disquetes, CD\u2019s grabables y regrabables.<\/td>\n<\/tr>\n<tr>\n<td><img loading=\"lazy\" decoding=\"async\" src=\"https:\/\/www.powersystems.com.uy\/ps\/nuestros_productos\/clip_image038.jpg\" width=\"80\" height=\"59\" \/><img loading=\"lazy\" decoding=\"async\" src=\"https:\/\/www.powersystems.com.uy\/ps\/nuestros_productos\/clip_image040.jpg\" width=\"84\" height=\"63\" \/><br \/>\n<img loading=\"lazy\" decoding=\"async\" src=\"https:\/\/www.powersystems.com.uy\/ps\/nuestros_productos\/clip_image042.jpg\" width=\"76\" height=\"71\" \/> \u00a0\u00a0\u00a0\u00a0\u00a0\u00a0\u00a0\u00a0\u00a0<img loading=\"lazy\" decoding=\"async\" src=\"https:\/\/www.powersystems.com.uy\/ps\/nuestros_productos\/clip_image044.jpg\" width=\"96\" height=\"64\" \/><\/td>\n<td style=\"vertical-align: middle;\">\n<div>C\u00e1maras Digitales y Accesorios<\/div>\n<div><\/div>\n<div><img decoding=\"async\" src=\"https:\/\/www.powersystems.com.uy\/ps\/productos\/box.PNG\" \/>C\u00e1maras digitales, memorias, y todo tipo de accesorios relacionados con la fotograf\u00eda digital.<\/div>\n<\/td>\n<\/tr>\n<tr>\n<td><img loading=\"lazy\" decoding=\"async\" src=\"https:\/\/www.powersystems.com.uy\/ps\/nuestros_productos\/clip_image046.jpg\" width=\"81\" height=\"79\" \/><img loading=\"lazy\" decoding=\"async\" src=\"https:\/\/www.powersystems.com.uy\/ps\/nuestros_productos\/clip_image048.jpg\" width=\"81\" height=\"81\" \/><\/td>\n<td style=\"vertical-align: middle;\">\n<div>Teclados Num\u00e9ricos y<\/div>\n<div>Lectores de C\u00f3digos de Barras<\/div>\n<\/td>\n<\/tr>\n<tr>\n<td><img loading=\"lazy\" decoding=\"async\" src=\"https:\/\/www.powersystems.com.uy\/ps\/nuestros_productos\/clip_image050.jpg\" width=\"80\" height=\"71\" \/><img loading=\"lazy\" decoding=\"async\" src=\"https:\/\/www.powersystems.com.uy\/ps\/nuestros_productos\/clip_image052.jpg\" width=\"53\" height=\"65\" \/><\/td>\n<td>\n<div>Mobiliario<\/div>\n<div><\/div>\n<div><img decoding=\"async\" src=\"https:\/\/www.powersystems.com.uy\/ps\/productos\/box.PNG\" \/>Mesas para PC, escritorios, bibliotecas, archivadores, muebles a medida.<br \/>\nSillas y sillones relax.<\/div>\n<\/td>\n<\/tr>\n<\/tbody>\n<\/table>\n<p>&nbsp;<\/p>\n","protected":false},"excerpt":{"rendered":"<p>PC\u2019s y Notebooks Equipos de Escritorio Power Systems, IBM, Toshiba, HP, Compaq. Poquet PC, etc. \u00a0Monitores Monitores CRT, Monitores LCD y TV- Monitor. Componentes Microprocesadores, motherboards, memorias, discos duros, Placas adaptadoras, monitores, tarjetas de sonido, tarjetas de video, m\u00f3dems, tarjetas de red, CD-R, CD-RW, DVD-R, DVD-RW, disqueteras, etc. Impresoras Inyecci\u00f3n de tinta, l\u00e1ser, multifunciones, scanners, &hellip; <a href=\"https:\/\/powersystems.com.uy\/?page_id=41\" class=\"more-link\">Sigue leyendo <span class=\"screen-reader-text\">Nuestros Productos<\/span> <span class=\"meta-nav\">&rarr;<\/span><\/a><\/p>\n","protected":false},"author":3,"featured_media":0,"parent":0,"menu_order":0,"comment_status":"closed","ping_status":"open","template":"","meta":{"footnotes":""},"class_list":["post-41","page","type-page","status-publish","hentry"],"_links":{"self":[{"href":"https:\/\/powersystems.com.uy\/index.php?rest_route=\/wp\/v2\/pages\/41","targetHints":{"allow":["GET"]}}],"collection":[{"href":"https:\/\/powersystems.com.uy\/index.php?rest_route=\/wp\/v2\/pages"}],"about":[{"href":"https:\/\/powersystems.com.uy\/index.php?rest_route=\/wp\/v2\/types\/page"}],"author":[{"embeddable":true,"href":"https:\/\/powersystems.com.uy\/index.php?rest_route=\/wp\/v2\/users\/3"}],"replies":[{"embeddable":true,"href":"https:\/\/powersystems.com.uy\/index.php?rest_route=%2Fwp%2Fv2%2Fcomments&post=41"}],"version-history":[{"count":7,"href":"https:\/\/powersystems.com.uy\/index.php?rest_route=\/wp\/v2\/pages\/41\/revisions"}],"predecessor-version":[{"id":1092,"href":"https:\/\/powersystems.com.uy\/index.php?rest_route=\/wp\/v2\/pages\/41\/revisions\/1092"}],"wp:attachment":[{"href":"https:\/\/powersystems.com.uy\/index.php?rest_route=%2Fwp%2Fv2%2Fmedia&parent=41"}],"curies":[{"name":"wp","href":"https:\/\/api.w.org\/{rel}","templated":true}]}}