{"id":43,"date":"2016-06-21T14:51:53","date_gmt":"2016-06-21T14:51:53","guid":{"rendered":"http:\/\/powersystems.com.uy\/?p=43"},"modified":"2018-10-05T15:39:46","modified_gmt":"2018-10-05T15:39:46","slug":"nuestros-servicios","status":"publish","type":"page","link":"https:\/\/powersystems.com.uy\/?page_id=43","title":{"rendered":"Nuestros Servicios"},"content":{"rendered":"<table cellspacing=\"0\" cellpadding=\"0\">\n<tbody>\n<tr>\n<td>\n<p><img loading=\"lazy\" decoding=\"async\" src=\"https:\/\/www.powersystems.com.uy\/ps\/bitmaps\/rep.gif\" width=\"32\" height=\"32\" \/>\u00a0Servicio T\u00e9cnico Inform\u00e1tico Especializado<\/p>\n<p><img loading=\"lazy\" decoding=\"async\" src=\"https:\/\/www.powersystems.com.uy\/ps\/bitmaps\/box.PNG\" width=\"16\" height=\"16\" \/> Reparaci\u00f3n y actualizaci\u00f3n de equipos.<br \/>\n<img loading=\"lazy\" decoding=\"async\" src=\"https:\/\/www.powersystems.com.uy\/ps\/bitmaps\/box.PNG\" width=\"16\" height=\"16\" \/> Reparaci\u00f3n de Impresoras, monitores y dispositivos en general.<br \/>\n<img loading=\"lazy\" decoding=\"async\" src=\"https:\/\/www.powersystems.com.uy\/ps\/bitmaps\/box.PNG\" width=\"16\" height=\"16\" \/> Asesoramiento y soporte t\u00e9cnico posventa.<br \/>\n<img loading=\"lazy\" decoding=\"async\" src=\"https:\/\/www.powersystems.com.uy\/ps\/bitmaps\/box.PNG\" width=\"16\" height=\"16\" \/> Reporte en 24 hs.<br \/>\n<img loading=\"lazy\" decoding=\"async\" src=\"https:\/\/www.powersystems.com.uy\/ps\/bitmaps\/box.PNG\" width=\"16\" height=\"16\" \/> S.T. a domicilio y en nuestro laboratorio.<\/td>\n<td>\n<div><\/div>\n<p><img loading=\"lazy\" decoding=\"async\" src=\"https:\/\/www.powersystems.com.uy\/ps\/servicios\/taller2.jpg\" width=\"166\" height=\"124\" \/><\/td>\n<\/tr>\n<tr>\n<td>\n<p>\u00a0<img loading=\"lazy\" decoding=\"async\" src=\"https:\/\/www.powersystems.com.uy\/ps\/bitmaps\/edit_group.png\" width=\"32\" height=\"32\" \/>\u00a0Asesoramiento y Soporte T\u00e9cnico Inform\u00e1tico<\/p>\n<p><img loading=\"lazy\" decoding=\"async\" src=\"https:\/\/www.powersystems.com.uy\/ps\/bitmaps\/box.PNG\" width=\"16\" height=\"16\" \/> Venta e instalaci\u00f3n de software.<br \/>\n<img loading=\"lazy\" decoding=\"async\" src=\"https:\/\/www.powersystems.com.uy\/ps\/bitmaps\/box.PNG\" width=\"16\" height=\"16\" \/> Instalaci\u00f3n de software de redes y cableados.<br \/>\n<img loading=\"lazy\" decoding=\"async\" src=\"https:\/\/www.powersystems.com.uy\/ps\/bitmaps\/box.PNG\" width=\"16\" height=\"16\" \/> Switch, router, cables y todos los accesorios para conectividad.<br \/>\n<img loading=\"lazy\" decoding=\"async\" src=\"https:\/\/www.powersystems.com.uy\/ps\/bitmaps\/box.PNG\" width=\"16\" height=\"16\" \/> UTP y fibra \u00f3ptica.<\/td>\n<td>\n<div><\/div>\n<p><img loading=\"lazy\" decoding=\"async\" src=\"https:\/\/www.powersystems.com.uy\/ps\/servicios\/taller1.jpg\" width=\"166\" height=\"125\" \/><\/td>\n<\/tr>\n<tr>\n<td>\u00a0<img loading=\"lazy\" decoding=\"async\" src=\"https:\/\/www.powersystems.com.uy\/ps\/bitmaps\/run.png\" width=\"32\" height=\"32\" \/>\u00a0Desarrollo de Software y Soluciones Integrales<br \/>\npara Empresas<\/p>\n<div>\n<p>&nbsp;<\/p>\n<\/div>\n<p><img loading=\"lazy\" decoding=\"async\" src=\"https:\/\/www.powersystems.com.uy\/ps\/bitmaps\/box.PNG\" width=\"16\" height=\"16\" \/> Desarrollo de software a medida<br \/>\n<img loading=\"lazy\" decoding=\"async\" src=\"https:\/\/www.powersystems.com.uy\/ps\/bitmaps\/box.PNG\" width=\"16\" height=\"16\" \/> Creamos soluciones integrales para empresas.<br \/>\n<img loading=\"lazy\" decoding=\"async\" src=\"https:\/\/www.powersystems.com.uy\/ps\/bitmaps\/box.PNG\" width=\"16\" height=\"16\" \/> Enlaces inal\u00e1mbricos entre sucursales.<\/td>\n<td><img loading=\"lazy\" decoding=\"async\" src=\"https:\/\/www.powersystems.com.uy\/ps\/servicios\/ibm.jpg\" width=\"166\" height=\"120\" \/><\/td>\n<\/tr>\n<\/tbody>\n<\/table>\n<p>&nbsp;<\/p>\n","protected":false},"excerpt":{"rendered":"<p>\u00a0Servicio T\u00e9cnico Inform\u00e1tico Especializado Reparaci\u00f3n y actualizaci\u00f3n de equipos. Reparaci\u00f3n de Impresoras, monitores y dispositivos en general. Asesoramiento y soporte t\u00e9cnico posventa. Reporte en 24 hs. S.T. a domicilio y en nuestro laboratorio. \u00a0\u00a0Asesoramiento y Soporte T\u00e9cnico Inform\u00e1tico Venta e instalaci\u00f3n de software. Instalaci\u00f3n de software de redes y cableados. Switch, router, cables y todos &hellip; <a href=\"https:\/\/powersystems.com.uy\/?page_id=43\" class=\"more-link\">Sigue leyendo <span class=\"screen-reader-text\">Nuestros Servicios<\/span> <span class=\"meta-nav\">&rarr;<\/span><\/a><\/p>\n","protected":false},"author":3,"featured_media":0,"parent":0,"menu_order":0,"comment_status":"closed","ping_status":"open","template":"","meta":{"footnotes":""},"class_list":["post-43","page","type-page","status-publish","hentry"],"_links":{"self":[{"href":"https:\/\/powersystems.com.uy\/index.php?rest_route=\/wp\/v2\/pages\/43","targetHints":{"allow":["GET"]}}],"collection":[{"href":"https:\/\/powersystems.com.uy\/index.php?rest_route=\/wp\/v2\/pages"}],"about":[{"href":"https:\/\/powersystems.com.uy\/index.php?rest_route=\/wp\/v2\/types\/page"}],"author":[{"embeddable":true,"href":"https:\/\/powersystems.com.uy\/index.php?rest_route=\/wp\/v2\/users\/3"}],"replies":[{"embeddable":true,"href":"https:\/\/powersystems.com.uy\/index.php?rest_route=%2Fwp%2Fv2%2Fcomments&post=43"}],"version-history":[{"count":3,"href":"https:\/\/powersystems.com.uy\/index.php?rest_route=\/wp\/v2\/pages\/43\/revisions"}],"predecessor-version":[{"id":1090,"href":"https:\/\/powersystems.com.uy\/index.php?rest_route=\/wp\/v2\/pages\/43\/revisions\/1090"}],"wp:attachment":[{"href":"https:\/\/powersystems.com.uy\/index.php?rest_route=%2Fwp%2Fv2%2Fmedia&parent=43"}],"curies":[{"name":"wp","href":"https:\/\/api.w.org\/{rel}","templated":true}]}}