{"id":49,"date":"2022-06-21T15:08:23","date_gmt":"2022-06-21T15:08:23","guid":{"rendered":"http:\/\/powersystems.com.uy\/?p=49"},"modified":"2022-06-23T18:19:25","modified_gmt":"2022-06-23T18:19:25","slug":"abonos","status":"publish","type":"page","link":"https:\/\/powersystems.com.uy\/?page_id=49","title":{"rendered":"Abonos mensuales  a Empresas"},"content":{"rendered":"<table>\n<tbody>\n<tr>\n<td style=\"width: 0px; height: 0px; background-color: #384186;\">\n<h6 style=\"text-align: center;\"><span style=\"color: #ffffff;\">Sistemas de Abonos a Empresas por Servicio T\u00e9cnico<\/span><\/h6>\n<\/td>\n<\/tr>\n<tr>\n<td><\/td>\n<\/tr>\n<tr>\n<td style=\"width: 0px; height: 0px; background-color: #384186;\"><span style=\"color: #ffffff;\">EN QUE CONSISTE EL SERVICIO?&#8230;<\/span><\/td>\n<\/tr>\n<tr>\n<td>\n<p>Nuestra funci\u00f3n de Soporte T\u00e9cnico a empresas proporciona al cliente un respaldo y una asistencia t\u00e9cnica constante.<\/p>\n<p>La misma cumple con tareas espec\u00edficas tales como:<\/p>\n<p>\u2022 Servicio de mantenimiento y limpieza de equipos.<br \/>\n\u2022 Servicio de Back-Up y Restore para la preservaci\u00f3n de datos de mayor trascendencia.<br \/>\n\u2022 Servicio de instalaci\u00f3n con listados actualizados de software Anti-Virus.<br \/>\n\u2022 Instalaci\u00f3n de software de actualizaci\u00f3n (No incluye software).<br \/>\n\u2022 Tiempo de respuesta ante situaciones de urgencia: INMEDIATO<br \/>\n\u2022 Cambios de accesorios y componentes (no incluye los repuestos).<br \/>\n\u2022 Venta de Accesorios y componentes con amplios descuentos.<br \/>\n\u2022 Env\u00edo y retiro de equipos sin cargo.<br \/>\n\u2022 Amplia disposici\u00f3n de horas t\u00e9cnico.<\/td>\n<\/tr>\n<tr>\n<td><\/td>\n<\/tr>\n<tr>\n<td style=\"width: 0px; height: 0px; background-color: #384186;\"><span style=\"color: #ffffff;\">QUE BENEFICIOS POSEE?&#8230;<\/span><\/td>\n<\/tr>\n<tr>\n<td>\n<p>Los beneficios son varios, a saber:<\/p>\n<p>\u2022 El valor de nuestros planes se ajusta adecuadamente al gasto que le ocasiona, a su empresa, tener que mantener un servicio de soporte t\u00e9cnico.<br \/>\n\u2022 El estar respaldado por t\u00e9cnicos certificadamente id\u00f3neos en la materia, respondiendo a todo tipo de dudas o consultas que pudiesen llegar a surgir al personal administrativo, sea tanto en la operatoria de software como, as\u00ed tambi\u00e9n, de equipos, impresoras, etc. (en caso de tratarse de problemas mayores, un t\u00e9cnico se acercar\u00e1 a vuestras instalaciones).<br \/>\n\u2022 El adquirir componentes y accesorios para sus equipos con satisfacci\u00f3n garantizada, esto quiere decir que solo abona los mismos una vez instalados y en perfecto funcionamiento(Scanners, Software, Impresoras, Hubs, Grabadoras de CD, etc.).<br \/>\n\u2022 El brindar un completo asesoramiento a la hora de actualizar sus equipos, agregar componentes o accesorios, instalar una red o expandir la misma o realizar labores de Back-Up y Restore de informaci\u00f3n, etc.<\/td>\n<\/tr>\n<tr>\n<td><\/td>\n<\/tr>\n<tr>\n<td style=\"width: 0px; height: 0px; background-color: #384186;\"><span style=\"color: #ffffff;\">QUE CONSIDERACIONES DEBE TENER EN CUENTA RESPECTO AL ABONO?&#8230;<\/span><\/td>\n<\/tr>\n<tr>\n<td>\n<p>\u2022 Los abonos mensuales por hora t\u00e9cnico pueden aplicarse para reparaciones de impresoras, armado y atenci\u00f3n de equipos, instalaciones de software, instalaciones de cableado, comprenden adem\u00e1s algunos presupuestos no aceptados en forma gratuita.<\/p>\n<p>\u2022 Son aplicables solamente a mano de obra y dentro del mes de adquirido.<\/p>\n<p>\u2022 No incluyen repuestos o partes.<\/td>\n<\/tr>\n<\/tbody>\n<\/table>\n<p>&nbsp;<\/p>\n","protected":false},"excerpt":{"rendered":"<p>Sistemas de Abonos a Empresas por Servicio T\u00e9cnico EN QUE CONSISTE EL SERVICIO?&#8230; Nuestra funci\u00f3n de Soporte T\u00e9cnico a empresas proporciona al cliente un respaldo y una asistencia t\u00e9cnica constante. La misma cumple con tareas espec\u00edficas tales como: \u2022 Servicio de mantenimiento y limpieza de equipos. \u2022 Servicio de Back-Up y Restore para la preservaci\u00f3n &hellip; <a href=\"https:\/\/powersystems.com.uy\/?page_id=49\" class=\"more-link\">Sigue leyendo <span class=\"screen-reader-text\">Abonos mensuales  a Empresas<\/span> <span class=\"meta-nav\">&rarr;<\/span><\/a><\/p>\n","protected":false},"author":3,"featured_media":0,"parent":0,"menu_order":0,"comment_status":"closed","ping_status":"open","template":"","meta":{"footnotes":""},"class_list":["post-49","page","type-page","status-publish","hentry"],"_links":{"self":[{"href":"https:\/\/powersystems.com.uy\/index.php?rest_route=\/wp\/v2\/pages\/49","targetHints":{"allow":["GET"]}}],"collection":[{"href":"https:\/\/powersystems.com.uy\/index.php?rest_route=\/wp\/v2\/pages"}],"about":[{"href":"https:\/\/powersystems.com.uy\/index.php?rest_route=\/wp\/v2\/types\/page"}],"author":[{"embeddable":true,"href":"https:\/\/powersystems.com.uy\/index.php?rest_route=\/wp\/v2\/users\/3"}],"replies":[{"embeddable":true,"href":"https:\/\/powersystems.com.uy\/index.php?rest_route=%2Fwp%2Fv2%2Fcomments&post=49"}],"version-history":[{"count":5,"href":"https:\/\/powersystems.com.uy\/index.php?rest_route=\/wp\/v2\/pages\/49\/revisions"}],"predecessor-version":[{"id":1627,"href":"https:\/\/powersystems.com.uy\/index.php?rest_route=\/wp\/v2\/pages\/49\/revisions\/1627"}],"wp:attachment":[{"href":"https:\/\/powersystems.com.uy\/index.php?rest_route=%2Fwp%2Fv2%2Fmedia&parent=49"}],"curies":[{"name":"wp","href":"https:\/\/api.w.org\/{rel}","templated":true}]}}