{"id":51,"date":"2016-06-21T15:08:47","date_gmt":"2016-06-21T15:08:47","guid":{"rendered":"http:\/\/powersystems.com.uy\/?p=51"},"modified":"2018-10-05T15:46:31","modified_gmt":"2018-10-05T15:46:31","slug":"servicio-tecnico","status":"publish","type":"page","link":"https:\/\/powersystems.com.uy\/?page_id=51","title":{"rendered":"Servicio tecnico"},"content":{"rendered":"<table>\n<tbody>\n<tr>\n<td>PLANES DE SERVICIO TECNICO A EMPRESAS<br \/>\n<img loading=\"lazy\" decoding=\"async\" src=\"https:\/\/www.powersystems.com.uy\/ps\/bitmaps\/servicio_tecnico.jpg\" width=\"138\" height=\"140\" \/><\/td>\n<\/tr>\n<tr>\n<td>Power Systems implement\u00f3 dos tipos de planes con la finalidad de puntualizar las necesidades de su empresa, estos planes pueden modificarse ante la demanda de sus necesidades, a saber:<\/td>\n<\/tr>\n<\/tbody>\n<\/table>\n<table cellspacing=\"1\" align=\"center\">\n<tbody>\n<tr>\n<td style=\"background-color: #384186;\"><span style=\"color: #ffffff;\">Propiedades<\/span><\/td>\n<td style=\"background-color: #384186;\"><span style=\"color: #ffffff;\">Plan PyMEs<\/span><\/td>\n<td style=\"background-color: #384186;\"><span style=\"color: #ffffff;\">Plan Office<\/span><\/td>\n<\/tr>\n<tr>\n<td style=\"background-color: #384186;\"><span style=\"color: #ffffff;\">Plan orientado a&#8230;<\/span><\/td>\n<td style=\"background-color: #384186;\"><span style=\"color: #ffffff;\">Empresas con escasa cantidad de equipos.<\/span><\/td>\n<td style=\"background-color: #384186;\"><span style=\"color: #ffffff;\">Empresas con magna cantidad de equipos.<\/span><\/td>\n<\/tr>\n<tr>\n<td>Horas disponibilidad de Servicio T\u00e9cnico<\/td>\n<td>De 3 a 10 hs<\/td>\n<td>De 20 hs en adelante<\/td>\n<\/tr>\n<tr>\n<td>Actualizaci\u00f3n Listado de Antivirus<\/td>\n<td>Mensual *<\/td>\n<td>Mensual *<\/td>\n<\/tr>\n<tr>\n<td>Costo recambio de Accesorios y Componentes<\/td>\n<td>utilizando el<br \/>\nabono**<\/td>\n<td>utilizando el<br \/>\nabono**<\/td>\n<\/tr>\n<tr>\n<td>Asesoramiento<\/td>\n<td>Sin Cargo<\/td>\n<td>Sin Cargo<\/td>\n<\/tr>\n<tr>\n<td>Back-Up y Restore de Informaci\u00f3n<\/td>\n<td>utilizando el<br \/>\nabono**<\/td>\n<td>utilizando el<br \/>\nabono**<\/td>\n<\/tr>\n<tr>\n<td>Tiempo de Respuesta, Situaciones Correctivas<\/td>\n<td>1-24 Horas<br \/>\ndep. de la urgencia<\/td>\n<td>1-24 Horas<br \/>\ndep. de la urgencia<\/td>\n<\/tr>\n<tr>\n<td>Retiro y Entrega de Equipos a Domicilio Laboral<\/td>\n<td>Sin Cargo<\/td>\n<td>Sin Cargo<\/td>\n<\/tr>\n<tr>\n<td>Componentes y Accesorios<\/td>\n<td>Con Descuento<\/td>\n<td>Con Descuento<\/td>\n<\/tr>\n<tr>\n<td>Asistencia Telef\u00f3nica<\/td>\n<td>Gratuita<\/td>\n<td>Gratuita<\/td>\n<\/tr>\n<tr>\n<td>Valor Plan<\/td>\n<td>Cons\u00faltenos seg\u00fan cantidad de m\u00e1quinas<\/td>\n<td>Cons\u00faltenos seg\u00fan cantidad de m\u00e1quinas<\/td>\n<\/tr>\n<\/tbody>\n<\/table>\n<table>\n<tbody>\n<tr>\n<td>* La actualizaci\u00f3n de la aplicaci\u00f3n Antivirus no incluye el software inicial.<br \/>\n** Los costos de recambio de los componentes y accesorios se efect\u00faan utilizando horas de abono o en el caso de no tener horas libres con importantes descuentos frente a servicios comunes, m\u00e1s aun si adquiere los productos a instalar en Power Systems.<\/td>\n<\/tr>\n<\/tbody>\n<\/table>\n<p>&nbsp;<\/p>\n","protected":false},"excerpt":{"rendered":"<p>PLANES DE SERVICIO TECNICO A EMPRESAS Power Systems implement\u00f3 dos tipos de planes con la finalidad de puntualizar las necesidades de su empresa, estos planes pueden modificarse ante la demanda de sus necesidades, a saber: Propiedades Plan PyMEs Plan Office Plan orientado a&#8230; Empresas con escasa cantidad de equipos. Empresas con magna cantidad de equipos. &hellip; <a href=\"https:\/\/powersystems.com.uy\/?page_id=51\" class=\"more-link\">Sigue leyendo <span class=\"screen-reader-text\">Servicio tecnico<\/span> <span class=\"meta-nav\">&rarr;<\/span><\/a><\/p>\n","protected":false},"author":3,"featured_media":0,"parent":0,"menu_order":0,"comment_status":"closed","ping_status":"open","template":"","meta":{"footnotes":""},"class_list":["post-51","page","type-page","status-publish","hentry"],"_links":{"self":[{"href":"https:\/\/powersystems.com.uy\/index.php?rest_route=\/wp\/v2\/pages\/51","targetHints":{"allow":["GET"]}}],"collection":[{"href":"https:\/\/powersystems.com.uy\/index.php?rest_route=\/wp\/v2\/pages"}],"about":[{"href":"https:\/\/powersystems.com.uy\/index.php?rest_route=\/wp\/v2\/types\/page"}],"author":[{"embeddable":true,"href":"https:\/\/powersystems.com.uy\/index.php?rest_route=\/wp\/v2\/users\/3"}],"replies":[{"embeddable":true,"href":"https:\/\/powersystems.com.uy\/index.php?rest_route=%2Fwp%2Fv2%2Fcomments&post=51"}],"version-history":[{"count":4,"href":"https:\/\/powersystems.com.uy\/index.php?rest_route=\/wp\/v2\/pages\/51\/revisions"}],"predecessor-version":[{"id":1096,"href":"https:\/\/powersystems.com.uy\/index.php?rest_route=\/wp\/v2\/pages\/51\/revisions\/1096"}],"wp:attachment":[{"href":"https:\/\/powersystems.com.uy\/index.php?rest_route=%2Fwp%2Fv2%2Fmedia&parent=51"}],"curies":[{"name":"wp","href":"https:\/\/api.w.org\/{rel}","templated":true}]}}