{"id":56,"date":"2022-06-21T15:09:35","date_gmt":"2022-06-21T15:09:35","guid":{"rendered":"http:\/\/powersystems.com.uy\/?p=56"},"modified":"2022-06-23T18:21:10","modified_gmt":"2022-06-23T18:21:10","slug":"arrendamiento","status":"publish","type":"page","link":"https:\/\/powersystems.com.uy\/?page_id=56","title":{"rendered":"Arrendamiento de equipamiento inform\u00e1tico."},"content":{"rendered":"<table cellspacing=\"0\" cellpadding=\"0\">\n<tbody>\n<tr>\n<td style=\"background-color: #384186;\" colspan=\"2\" align=\"center\">\n<h6><span style=\"color: #ffffff;\"><span style=\"font-family: Century Gothic; font-size: small;\">Arrendamiento Equipos Inform\u00e1ticos<\/span><\/span><\/h6>\n<\/td>\n<\/tr>\n<tr>\n<td colspan=\"2\" align=\"center\">\n<h6><span style=\"color: #000000;\"><span style=\"font-size: small;\">Soluciones inform\u00e1ticas pensadas para satisfacer las necesidades de eventos o promociones. Facilitando as\u00ed la organizaci\u00f3n, ajust\u00e1ndola con la m\u00e1s alta tecnolog\u00eda, siendo posible de esta manera generar un ambiente m\u00e1s confortable y presentar excelentes audiovisuales. Por otro lado tambi\u00e9n poder contar con una infraestructura informatizada, no perder detalle alguno sin importar la dimensi\u00f3n de su evento.<\/span><\/span><\/h6>\n<h6><span style=\"color: #000000;\">Detalle de equipos en arrendamiento:<\/span><\/h6>\n<\/td>\n<\/tr>\n<tr>\n<td width=\"274\">\n<h6><span style=\"color: #000000; font-family: Century Gothic; font-size: small;\"><img loading=\"lazy\" decoding=\"async\" src=\"https:\/\/www.powersystems.com.uy\/ps\/bitmaps\/1.JPG\" width=\"200\" height=\"101\" \/><\/span><\/h6>\n<\/td>\n<td>\n<h6><strong><span style=\"color: #0000ff;\">\u2022 Televisores LCD<br \/>\n\u2022 Monitores LCD<br \/>\n\u2022 Todos los tama\u00f1os<\/span><\/strong><\/h6>\n<\/td>\n<\/tr>\n<tr>\n<td>\n<h6><span style=\"color: #000000; font-family: Century Gothic; font-size: small;\"><img loading=\"lazy\" decoding=\"async\" src=\"https:\/\/www.powersystems.com.uy\/ps\/bitmaps\/2.JPG\" width=\"200\" height=\"119\" \/><\/span><\/h6>\n<\/td>\n<td>\n<h6><strong><span style=\"color: #0000ff;\">\u2022 Proyectores<br \/>\n\u2022 Pantallas<\/span><\/strong><\/h6>\n<\/td>\n<\/tr>\n<tr>\n<td>\n<h6><span style=\"color: #000000; font-family: Century Gothic; font-size: small;\"><img loading=\"lazy\" decoding=\"async\" src=\"https:\/\/www.powersystems.com.uy\/ps\/bitmaps\/3.JPG\" width=\"200\" height=\"97\" \/><\/span><\/h6>\n<\/td>\n<td>\n<h6><strong><span style=\"color: #0000ff;\">\u2022 Computadoras Completas, notebooks<br \/>\n\u2022 Impresoras<br \/>\n\u2022 Scanners<\/span><\/strong><\/h6>\n<\/td>\n<\/tr>\n<\/tbody>\n<\/table>\n<p>&nbsp;<\/p>\n","protected":false},"excerpt":{"rendered":"<p>Arrendamiento Equipos Inform\u00e1ticos Soluciones inform\u00e1ticas pensadas para satisfacer las necesidades de eventos o promociones. Facilitando as\u00ed la organizaci\u00f3n, ajust\u00e1ndola con la m\u00e1s alta tecnolog\u00eda, siendo posible de esta manera generar un ambiente m\u00e1s confortable y presentar excelentes audiovisuales. Por otro lado tambi\u00e9n poder contar con una infraestructura informatizada, no perder detalle alguno sin importar la &hellip; <a href=\"https:\/\/powersystems.com.uy\/?page_id=56\" class=\"more-link\">Sigue leyendo <span class=\"screen-reader-text\">Arrendamiento de equipamiento inform\u00e1tico.<\/span> <span class=\"meta-nav\">&rarr;<\/span><\/a><\/p>\n","protected":false},"author":3,"featured_media":0,"parent":0,"menu_order":0,"comment_status":"closed","ping_status":"open","template":"","meta":{"footnotes":""},"class_list":["post-56","page","type-page","status-publish","hentry"],"_links":{"self":[{"href":"https:\/\/powersystems.com.uy\/index.php?rest_route=\/wp\/v2\/pages\/56","targetHints":{"allow":["GET"]}}],"collection":[{"href":"https:\/\/powersystems.com.uy\/index.php?rest_route=\/wp\/v2\/pages"}],"about":[{"href":"https:\/\/powersystems.com.uy\/index.php?rest_route=\/wp\/v2\/types\/page"}],"author":[{"embeddable":true,"href":"https:\/\/powersystems.com.uy\/index.php?rest_route=\/wp\/v2\/users\/3"}],"replies":[{"embeddable":true,"href":"https:\/\/powersystems.com.uy\/index.php?rest_route=%2Fwp%2Fv2%2Fcomments&post=56"}],"version-history":[{"count":7,"href":"https:\/\/powersystems.com.uy\/index.php?rest_route=\/wp\/v2\/pages\/56\/revisions"}],"predecessor-version":[{"id":1630,"href":"https:\/\/powersystems.com.uy\/index.php?rest_route=\/wp\/v2\/pages\/56\/revisions\/1630"}],"wp:attachment":[{"href":"https:\/\/powersystems.com.uy\/index.php?rest_route=%2Fwp%2Fv2%2Fmedia&parent=56"}],"curies":[{"name":"wp","href":"https:\/\/api.w.org\/{rel}","templated":true}]}}